{"id":1463,"date":"2021-08-19T15:58:59","date_gmt":"2021-08-19T13:58:59","guid":{"rendered":"https:\/\/kochamnyse.pl\/sklep\/?post_type=product&#038;p=1463"},"modified":"2024-12-11T19:12:59","modified_gmt":"2024-12-11T18:12:59","slug":"workoplecak-kocham-nyse","status":"publish","type":"product","link":"https:\/\/kochamnyse.pl\/sklep\/index.php\/produkt\/workoplecak-kocham-nyse\/","title":{"rendered":"Workoplecak Kocham Nys\u0119"},"content":{"rendered":"<p>Uniwersalny worek podr\u00f3\u017cny, idealny na piesze wycieczki i codzienne sprawunki.<\/p>\n","protected":false},"excerpt":{"rendered":"<p>Sprawd\u017a nasze workoplecaki z unikalnym wzorem Kocham Nys\u0119.<br \/>\nPoka\u017c \u017ce jeste\u015b lokalnym patriot\u0105.<br \/>\nWymiary: 32&#215;39 cm<\/p>\n","protected":false},"featured_media":1464,"template":"","meta":{"spay_email":""},"product_cat":[84],"product_tag":[],"_links":{"self":[{"href":"https:\/\/kochamnyse.pl\/sklep\/index.php\/wp-json\/wp\/v2\/product\/1463"}],"collection":[{"href":"https:\/\/kochamnyse.pl\/sklep\/index.php\/wp-json\/wp\/v2\/product"}],"about":[{"href":"https:\/\/kochamnyse.pl\/sklep\/index.php\/wp-json\/wp\/v2\/types\/product"}],"wp:featuredmedia":[{"embeddable":true,"href":"https:\/\/kochamnyse.pl\/sklep\/index.php\/wp-json\/wp\/v2\/media\/1464"}],"wp:attachment":[{"href":"https:\/\/kochamnyse.pl\/sklep\/index.php\/wp-json\/wp\/v2\/media?parent=1463"}],"wp:term":[{"taxonomy":"product_cat","embeddable":true,"href":"https:\/\/kochamnyse.pl\/sklep\/index.php\/wp-json\/wp\/v2\/product_cat?post=1463"},{"taxonomy":"product_tag","embeddable":true,"href":"https:\/\/kochamnyse.pl\/sklep\/index.php\/wp-json\/wp\/v2\/product_tag?post=1463"}],"curies":[{"name":"wp","href":"https:\/\/api.w.org\/{rel}","templated":true}]}}