{"id":1438,"date":"2021-03-19T12:48:31","date_gmt":"2021-03-19T11:48:31","guid":{"rendered":"http:\/\/kochamnyse.pl\/sklep\/?post_type=product&#038;p=1438"},"modified":"2024-12-11T19:12:59","modified_gmt":"2024-12-11T18:12:59","slug":"torba-nysa-nasa","status":"publish","type":"product","link":"https:\/\/kochamnyse.pl\/sklep\/index.php\/produkt\/torba-nysa-nasa\/","title":{"rendered":"Torba &#8211; NYSA &#8211; NASA"},"content":{"rendered":"<p>Poka\u017c, \u017ce jeste\u015b z Nysy, lub \u017ce Nysa jest Ci szczeg\u00f3lnie bliska. Torba na zakupy inspirowana logo Mi\u0119dzynarodowej Agencji Kosmicznej\u00a0 to \u015bwietna pami\u0105tka, oraz praktyczna rzecz, dzi\u0119ki kt\u00f3rej mo\u017cesz by\u0107 bardziej eko.<\/p>\n","protected":false},"excerpt":{"rendered":"<p>sk\u0142ad: 100% poliester<br \/>\nSzeroko\u015b\u0107 34cm,<br \/>\nWysoko\u015b\u0107 41cm,<br \/>\nWysoko\u015b\u0107 uchwytu 30cm<\/p>\n","protected":false},"featured_media":1439,"template":"","meta":{"spay_email":""},"product_cat":[84],"product_tag":[],"_links":{"self":[{"href":"https:\/\/kochamnyse.pl\/sklep\/index.php\/wp-json\/wp\/v2\/product\/1438"}],"collection":[{"href":"https:\/\/kochamnyse.pl\/sklep\/index.php\/wp-json\/wp\/v2\/product"}],"about":[{"href":"https:\/\/kochamnyse.pl\/sklep\/index.php\/wp-json\/wp\/v2\/types\/product"}],"wp:featuredmedia":[{"embeddable":true,"href":"https:\/\/kochamnyse.pl\/sklep\/index.php\/wp-json\/wp\/v2\/media\/1439"}],"wp:attachment":[{"href":"https:\/\/kochamnyse.pl\/sklep\/index.php\/wp-json\/wp\/v2\/media?parent=1438"}],"wp:term":[{"taxonomy":"product_cat","embeddable":true,"href":"https:\/\/kochamnyse.pl\/sklep\/index.php\/wp-json\/wp\/v2\/product_cat?post=1438"},{"taxonomy":"product_tag","embeddable":true,"href":"https:\/\/kochamnyse.pl\/sklep\/index.php\/wp-json\/wp\/v2\/product_tag?post=1438"}],"curies":[{"name":"wp","href":"https:\/\/api.w.org\/{rel}","templated":true}]}}