{"id":1430,"date":"2021-03-17T10:14:45","date_gmt":"2021-03-17T09:14:45","guid":{"rendered":"http:\/\/kochamnyse.pl\/sklep\/?post_type=product&#038;p=1430"},"modified":"2024-05-23T22:13:00","modified_gmt":"2024-05-23T20:13:00","slug":"magnes-nysa-nasa","status":"publish","type":"product","link":"https:\/\/kochamnyse.pl\/sklep\/index.php\/produkt\/magnes-nysa-nasa\/","title":{"rendered":"Magnes &#8211; NYSA &#8211; NASA"},"content":{"rendered":"<p>Poka\u017c, \u017ce jeste\u015b z Nysy, lub \u017ce Nysa jest Ci szczeg\u00f3lnie bliska. Magnes na lod\u00f3wk\u0119 inspirowany logo Mi\u0119dzynarodowej Agencji Kosmicznej\u00a0 to \u015bwietna pami\u0105tka, gad\u017cet kt\u00f3rym ozdobisz np. swoj\u0105 lod\u00f3wk\u0119.<\/p>\n","protected":false},"excerpt":{"rendered":"<p>Spraw sobie unikatowy magnes na lod\u00f3wk\u0119 z Nysy.<\/p>\n","protected":false},"featured_media":1431,"template":"","meta":{"spay_email":""},"product_cat":[84],"product_tag":[],"_links":{"self":[{"href":"https:\/\/kochamnyse.pl\/sklep\/index.php\/wp-json\/wp\/v2\/product\/1430"}],"collection":[{"href":"https:\/\/kochamnyse.pl\/sklep\/index.php\/wp-json\/wp\/v2\/product"}],"about":[{"href":"https:\/\/kochamnyse.pl\/sklep\/index.php\/wp-json\/wp\/v2\/types\/product"}],"wp:featuredmedia":[{"embeddable":true,"href":"https:\/\/kochamnyse.pl\/sklep\/index.php\/wp-json\/wp\/v2\/media\/1431"}],"wp:attachment":[{"href":"https:\/\/kochamnyse.pl\/sklep\/index.php\/wp-json\/wp\/v2\/media?parent=1430"}],"wp:term":[{"taxonomy":"product_cat","embeddable":true,"href":"https:\/\/kochamnyse.pl\/sklep\/index.php\/wp-json\/wp\/v2\/product_cat?post=1430"},{"taxonomy":"product_tag","embeddable":true,"href":"https:\/\/kochamnyse.pl\/sklep\/index.php\/wp-json\/wp\/v2\/product_tag?post=1430"}],"curies":[{"name":"wp","href":"https:\/\/api.w.org\/{rel}","templated":true}]}}