{"id":1400,"date":"2021-02-05T14:46:23","date_gmt":"2021-02-05T13:46:23","guid":{"rendered":"http:\/\/kochamnyse.pl\/sklep\/?post_type=product&#038;p=1400"},"modified":"2025-10-09T14:27:55","modified_gmt":"2025-10-09T12:27:55","slug":"t-shirt-kocham-nyse-wzor-nasa-czarna","status":"publish","type":"product","link":"https:\/\/kochamnyse.pl\/sklep\/index.php\/produkt\/t-shirt-kocham-nyse-wzor-nasa-czarna\/","title":{"rendered":"M\u0119ska Koszulka Kocham Nys\u0119 &#8211; Wz\u00f3r NASA Czarny"},"content":{"rendered":"<p>Z Nys\u0105 do gwiazd!<br \/>\nSpraw sobie lub bliskiej Ci osobie\u00a0 koszulk\u0119 z limitowanej serii Kocham Nys\u0119.<br \/>\nTo logo przykuje uwag\u0119 i poka\u017ce, \u017ce jeste\u015b prawdziwym lokalnym patriot\u0105 z szerokim horyzontem.<\/p>\n","protected":false},"excerpt":{"rendered":"<p>Tabela rozmiar\u00f3w:<br \/>\n<img class=\"alignnone size-large wp-image-1301\" src=\"http:\/\/kochamnyse.pl\/sklep\/wp-content\/uploads\/2021\/02\/Nysa_rozmiary_meskie-1024x545.png\" alt=\"\" width=\"100%\" srcset=\"https:\/\/i2.wp.com\/kochamnyse.pl\/sklep\/wp-content\/uploads\/2021\/02\/Nysa_rozmiary_meskie.png?resize=1024%2C545&amp;ssl=1 1024w, https:\/\/i2.wp.com\/kochamnyse.pl\/sklep\/wp-content\/uploads\/2021\/02\/Nysa_rozmiary_meskie.png?resize=300%2C160&amp;ssl=1 300w, https:\/\/i2.wp.com\/kochamnyse.pl\/sklep\/wp-content\/uploads\/2021\/02\/Nysa_rozmiary_meskie.png?resize=768%2C409&amp;ssl=1 768w, https:\/\/i2.wp.com\/kochamnyse.pl\/sklep\/wp-content\/uploads\/2021\/02\/Nysa_rozmiary_meskie.png?resize=1536%2C817&amp;ssl=1 1536w, https:\/\/i2.wp.com\/kochamnyse.pl\/sklep\/wp-content\/uploads\/2021\/02\/Nysa_rozmiary_meskie.png?resize=2048%2C1090&amp;ssl=1 2048w, https:\/\/i2.wp.com\/kochamnyse.pl\/sklep\/wp-content\/uploads\/2021\/02\/Nysa_rozmiary_meskie.png?resize=1170%2C623&amp;ssl=1 1170w, https:\/\/i2.wp.com\/kochamnyse.pl\/sklep\/wp-content\/uploads\/2021\/02\/Nysa_rozmiary_meskie.png?resize=600%2C319&amp;ssl=1 600w, https:\/\/i2.wp.com\/kochamnyse.pl\/sklep\/wp-content\/uploads\/2021\/02\/Nysa_rozmiary_meskie.png?w=3000&amp;ssl=1 3000w\" sizes=\"(max-width: 1024px) 100vw, 1024px\" \/><\/p>\n","protected":false},"featured_media":1407,"template":"","meta":{"spay_email":""},"product_cat":[83],"product_tag":[],"_links":{"self":[{"href":"https:\/\/kochamnyse.pl\/sklep\/index.php\/wp-json\/wp\/v2\/product\/1400"}],"collection":[{"href":"https:\/\/kochamnyse.pl\/sklep\/index.php\/wp-json\/wp\/v2\/product"}],"about":[{"href":"https:\/\/kochamnyse.pl\/sklep\/index.php\/wp-json\/wp\/v2\/types\/product"}],"wp:featuredmedia":[{"embeddable":true,"href":"https:\/\/kochamnyse.pl\/sklep\/index.php\/wp-json\/wp\/v2\/media\/1407"}],"wp:attachment":[{"href":"https:\/\/kochamnyse.pl\/sklep\/index.php\/wp-json\/wp\/v2\/media?parent=1400"}],"wp:term":[{"taxonomy":"product_cat","embeddable":true,"href":"https:\/\/kochamnyse.pl\/sklep\/index.php\/wp-json\/wp\/v2\/product_cat?post=1400"},{"taxonomy":"product_tag","embeddable":true,"href":"https:\/\/kochamnyse.pl\/sklep\/index.php\/wp-json\/wp\/v2\/product_tag?post=1400"}],"curies":[{"name":"wp","href":"https:\/\/api.w.org\/{rel}","templated":true}]}}