{"id":1374,"date":"2021-02-05T13:44:19","date_gmt":"2021-02-05T12:44:19","guid":{"rendered":"http:\/\/kochamnyse.pl\/sklep\/?post_type=product&#038;p=1374"},"modified":"2024-12-11T19:12:59","modified_gmt":"2024-12-11T18:12:59","slug":"kubek-kocham-nyse","status":"publish","type":"product","link":"https:\/\/kochamnyse.pl\/sklep\/index.php\/produkt\/kubek-kocham-nyse\/","title":{"rendered":"Kubek Kocham Nys\u0119"},"content":{"rendered":"<p>Codzienna kawa smakuje lepiej gdy my\u015blisz o naszym mie\u015bcie. Spraw sobie prezent lub komu\u015b bliskiemu!<\/p>\n","protected":false},"excerpt":{"rendered":"<p>Spraw sobie unikatowy kubek z Nysy.<\/p>\n","protected":false},"featured_media":1375,"template":"","meta":{"spay_email":""},"product_cat":[84],"product_tag":[],"_links":{"self":[{"href":"https:\/\/kochamnyse.pl\/sklep\/index.php\/wp-json\/wp\/v2\/product\/1374"}],"collection":[{"href":"https:\/\/kochamnyse.pl\/sklep\/index.php\/wp-json\/wp\/v2\/product"}],"about":[{"href":"https:\/\/kochamnyse.pl\/sklep\/index.php\/wp-json\/wp\/v2\/types\/product"}],"wp:featuredmedia":[{"embeddable":true,"href":"https:\/\/kochamnyse.pl\/sklep\/index.php\/wp-json\/wp\/v2\/media\/1375"}],"wp:attachment":[{"href":"https:\/\/kochamnyse.pl\/sklep\/index.php\/wp-json\/wp\/v2\/media?parent=1374"}],"wp:term":[{"taxonomy":"product_cat","embeddable":true,"href":"https:\/\/kochamnyse.pl\/sklep\/index.php\/wp-json\/wp\/v2\/product_cat?post=1374"},{"taxonomy":"product_tag","embeddable":true,"href":"https:\/\/kochamnyse.pl\/sklep\/index.php\/wp-json\/wp\/v2\/product_tag?post=1374"}],"curies":[{"name":"wp","href":"https:\/\/api.w.org\/{rel}","templated":true}]}}