{"id":1366,"date":"2021-01-05T13:15:10","date_gmt":"2021-01-05T12:15:10","guid":{"rendered":"http:\/\/kochamnyse.pl\/sklep\/?post_type=product&#038;p=1366"},"modified":"2024-12-11T19:12:59","modified_gmt":"2024-12-11T18:12:59","slug":"brelok-nysa-nasa","status":"publish","type":"product","link":"https:\/\/kochamnyse.pl\/sklep\/index.php\/produkt\/brelok-nysa-nasa\/","title":{"rendered":"Brelok &#8211; NYSA &#8211; NASA"},"content":{"rendered":"<p>Poka\u017c \u017ce jeste\u015b z Nysy, lub \u017ce Nysa jest Ci szczeg\u00f3lnie bliska.\u00a0 Tr\u00f3jwymiarowy brelok inspirowany na logo Mi\u0119dzynarodowej Agencji Kosmicznej to wspania\u0142y gad\u017cet, kt\u00f3ry mo\u017cesz przypi\u0105\u0107 do kluczy, torebki, plecaka.<\/p>\n","protected":false},"excerpt":{"rendered":"<p>Spraw sobie unikatowy brelok z Nysy.<\/p>\n","protected":false},"featured_media":1367,"template":"","meta":{"spay_email":""},"product_cat":[84],"product_tag":[],"_links":{"self":[{"href":"https:\/\/kochamnyse.pl\/sklep\/index.php\/wp-json\/wp\/v2\/product\/1366"}],"collection":[{"href":"https:\/\/kochamnyse.pl\/sklep\/index.php\/wp-json\/wp\/v2\/product"}],"about":[{"href":"https:\/\/kochamnyse.pl\/sklep\/index.php\/wp-json\/wp\/v2\/types\/product"}],"wp:featuredmedia":[{"embeddable":true,"href":"https:\/\/kochamnyse.pl\/sklep\/index.php\/wp-json\/wp\/v2\/media\/1367"}],"wp:attachment":[{"href":"https:\/\/kochamnyse.pl\/sklep\/index.php\/wp-json\/wp\/v2\/media?parent=1366"}],"wp:term":[{"taxonomy":"product_cat","embeddable":true,"href":"https:\/\/kochamnyse.pl\/sklep\/index.php\/wp-json\/wp\/v2\/product_cat?post=1366"},{"taxonomy":"product_tag","embeddable":true,"href":"https:\/\/kochamnyse.pl\/sklep\/index.php\/wp-json\/wp\/v2\/product_tag?post=1366"}],"curies":[{"name":"wp","href":"https:\/\/api.w.org\/{rel}","templated":true}]}}