{"id":1248,"date":"2020-08-26T10:25:36","date_gmt":"2020-08-26T08:25:36","guid":{"rendered":"http:\/\/kochamnyse.pl\/sklep\/?post_type=product&#038;p=1248"},"modified":"2023-03-20T15:07:12","modified_gmt":"2023-03-20T14:07:12","slug":"koszulka-kocham-nyse-wzor-serce","status":"publish","type":"product","link":"https:\/\/kochamnyse.pl\/sklep\/index.php\/produkt\/koszulka-kocham-nyse-wzor-serce\/","title":{"rendered":"Damska Koszulka Kocham Nys\u0119 &#8211; Wz\u00f3r Serce"},"content":{"rendered":"<p>Poka\u017c wszystkim jak bardzo kochasz nys\u0119.<br \/>\nNo\u015b koszulk\u0119 z naszym sercem by wszyscy wiedzieli, \u017ce jest to twoje miasto.<br \/>\nUnikatowa koszulka z numerowanej serii Kocham Nys\u0119<\/p>\n","protected":false},"excerpt":{"rendered":"<p>Rozmiary:<br \/>\n<img class=\"alignnone size-large wp-image-1288\" src=\"http:\/\/kochamnyse.pl\/sklep\/wp-content\/uploads\/2020\/08\/Nysa_rozmiary_damskie-1024x545.png\" alt=\"\" width=\"100%\" srcset=\"https:\/\/i1.wp.com\/kochamnyse.pl\/sklep\/wp-content\/uploads\/2020\/08\/Nysa_rozmiary_damskie.png?resize=1024%2C545&amp;ssl=1 1024w, https:\/\/i1.wp.com\/kochamnyse.pl\/sklep\/wp-content\/uploads\/2020\/08\/Nysa_rozmiary_damskie.png?resize=300%2C160&amp;ssl=1 300w, https:\/\/i1.wp.com\/kochamnyse.pl\/sklep\/wp-content\/uploads\/2020\/08\/Nysa_rozmiary_damskie.png?resize=768%2C409&amp;ssl=1 768w, https:\/\/i1.wp.com\/kochamnyse.pl\/sklep\/wp-content\/uploads\/2020\/08\/Nysa_rozmiary_damskie.png?resize=1536%2C817&amp;ssl=1 1536w, https:\/\/i1.wp.com\/kochamnyse.pl\/sklep\/wp-content\/uploads\/2020\/08\/Nysa_rozmiary_damskie.png?resize=2048%2C1090&amp;ssl=1 2048w, https:\/\/i1.wp.com\/kochamnyse.pl\/sklep\/wp-content\/uploads\/2020\/08\/Nysa_rozmiary_damskie.png?resize=1170%2C623&amp;ssl=1 1170w, https:\/\/i1.wp.com\/kochamnyse.pl\/sklep\/wp-content\/uploads\/2020\/08\/Nysa_rozmiary_damskie.png?resize=600%2C319&amp;ssl=1 600w, https:\/\/i1.wp.com\/kochamnyse.pl\/sklep\/wp-content\/uploads\/2020\/08\/Nysa_rozmiary_damskie.png?w=3000&amp;ssl=1 3000w\" sizes=\"(max-width: 1024px) 100vw, 1024px\" \/><\/p>\n","protected":false},"featured_media":1325,"template":"redux-templates_full_width","meta":{"spay_email":""},"product_cat":[62],"product_tag":[],"_links":{"self":[{"href":"https:\/\/kochamnyse.pl\/sklep\/index.php\/wp-json\/wp\/v2\/product\/1248"}],"collection":[{"href":"https:\/\/kochamnyse.pl\/sklep\/index.php\/wp-json\/wp\/v2\/product"}],"about":[{"href":"https:\/\/kochamnyse.pl\/sklep\/index.php\/wp-json\/wp\/v2\/types\/product"}],"wp:featuredmedia":[{"embeddable":true,"href":"https:\/\/kochamnyse.pl\/sklep\/index.php\/wp-json\/wp\/v2\/media\/1325"}],"wp:attachment":[{"href":"https:\/\/kochamnyse.pl\/sklep\/index.php\/wp-json\/wp\/v2\/media?parent=1248"}],"wp:term":[{"taxonomy":"product_cat","embeddable":true,"href":"https:\/\/kochamnyse.pl\/sklep\/index.php\/wp-json\/wp\/v2\/product_cat?post=1248"},{"taxonomy":"product_tag","embeddable":true,"href":"https:\/\/kochamnyse.pl\/sklep\/index.php\/wp-json\/wp\/v2\/product_tag?post=1248"}],"curies":[{"name":"wp","href":"https:\/\/api.w.org\/{rel}","templated":true}]}}