{"id":74,"date":"2018-08-24T01:25:26","date_gmt":"2018-08-24T01:25:26","guid":{"rendered":"http:\/\/192.168.1.209\/greenfarm\/?page_id=17"},"modified":"2021-02-04T11:52:27","modified_gmt":"2021-02-04T10:52:27","slug":"contact","status":"publish","type":"page","link":"https:\/\/kochamnyse.pl\/sklep\/index.php\/contact\/","title":{"rendered":"Kontakt"},"content":{"rendered":"<p>[vc_row][vc_column el_class=&#8221;contact-text&#8221; offset=&#8221;vc_col-lg-3 vc_col-md-3&#8243;][vc_column_text]<\/p>\n<h3>Kontakt z nami<\/h3>\n<p>[\/vc_column_text][vc_column_text]<\/p>\n<ul>\n<li><i class=\"fa fa-home\" aria-hidden=\"true\">icon<\/i><br \/>\n<h4>Adres firmy:<\/h4>\n<p>IN CORTA Sp. z o. o.<br \/>\nul. Piotrkowska 270\/417<br \/>\n90-361 \u0141\u00f3d\u017a<br \/>\nnip: 5272774698<\/p>\n<h4>Email<\/h4>\n<p>bardzo@kochamnyse.pl<\/li>\n<\/ul>\n<p>[\/vc_column_text][\/vc_column][vc_column offset=&#8221;vc_col-lg-1 vc_col-md-1 vc_hidden-sm&#8221;][\/vc_column][vc_column el_class=&#8221;contact-form&#8221; offset=&#8221;vc_col-lg-8 vc_col-md-8&#8243;][vc_column_text]<\/p>\n<h3>Napisz do nas wiadomo\u015b\u0107<\/h3>\n<p>[\/vc_column_text]<div role=\"form\" class=\"wpcf7\" id=\"wpcf7-f1244-o1\" lang=\"pl-PL\" dir=\"ltr\">\n<div class=\"screen-reader-response\"><p role=\"status\" aria-live=\"polite\" aria-atomic=\"true\"><\/p> <ul><\/ul><\/div>\n<form action=\"\/sklep\/index.php\/wp-json\/wp\/v2\/pages\/74#wpcf7-f1244-o1\" method=\"post\" class=\"wpcf7-form init\" novalidate=\"novalidate\" data-status=\"init\">\n<div style=\"display: none;\">\n<input type=\"hidden\" name=\"_wpcf7\" value=\"1244\" \/>\n<input type=\"hidden\" name=\"_wpcf7_version\" value=\"5.4.2\" \/>\n<input type=\"hidden\" name=\"_wpcf7_locale\" value=\"pl_PL\" \/>\n<input type=\"hidden\" name=\"_wpcf7_unit_tag\" value=\"wpcf7-f1244-o1\" \/>\n<input type=\"hidden\" name=\"_wpcf7_container_post\" value=\"0\" \/>\n<input type=\"hidden\" name=\"_wpcf7_posted_data_hash\" value=\"\" \/>\n<\/div>\n<p><label> Imi\u0119 i nazwisko (wymagane)<br \/>\n    <span class=\"wpcf7-form-control-wrap your-name\"><input type=\"text\" name=\"your-name\" value=\"\" size=\"40\" class=\"wpcf7-form-control wpcf7-text wpcf7-validates-as-required\" aria-required=\"true\" aria-invalid=\"false\" \/><\/span> <\/label><\/p>\n<p><label> Tw\u00f3j email (wymagane)<br \/>\n    <span class=\"wpcf7-form-control-wrap your-email\"><input type=\"email\" name=\"your-email\" value=\"\" size=\"40\" class=\"wpcf7-form-control wpcf7-text wpcf7-email wpcf7-validates-as-required wpcf7-validates-as-email\" aria-required=\"true\" aria-invalid=\"false\" \/><\/span> <\/label><\/p>\n<p><label> Temat<br \/>\n    <span class=\"wpcf7-form-control-wrap your-subject\"><input type=\"text\" name=\"your-subject\" value=\"\" size=\"40\" class=\"wpcf7-form-control wpcf7-text\" aria-invalid=\"false\" \/><\/span> <\/label><\/p>\n<p><label> Tre\u015b\u0107 wiadomo\u015bci<br \/>\n    <span class=\"wpcf7-form-control-wrap your-message\"><textarea name=\"your-message\" cols=\"40\" rows=\"10\" class=\"wpcf7-form-control wpcf7-textarea\" aria-invalid=\"false\"><\/textarea><\/span> <\/label><\/p>\n<p><input type=\"submit\" value=\"Wy\u015blij\" class=\"wpcf7-form-control wpcf7-submit\" \/><\/p>\n<div class=\"wpcf7-response-output\" aria-hidden=\"true\"><\/div><\/form><\/div>[\/vc_column][\/vc_row][vc_row full_width=&#8221;stretch_row_content_no_spaces&#8221; css=&#8221;.vc_custom_1536559738900{margin-bottom: 60px !important;}&#8221;][vc_column][vc_gmaps link=&#8221;#E-8_JTNDaWZyYW1lJTIwc3JjJTNEJTIyaHR0cHMlM0ElMkYlMkZ3d3cuZ29vZ2xlLmNvbSUyRm1hcHMlMkZlbWJlZCUzRnBiJTNEJTIxMW0xOCUyMTFtMTIlMjExbTMlMjExZDQwNjI4LjE5NDkzNjk1MjMzJTIxMmQxNy4zMDQ2MTU4Mjc1MzU4NDglMjEzZDUwLjQ3MzQ2MjU5NjM2NDUwNiUyMTJtMyUyMTFmMCUyMTJmMCUyMTNmMCUyMTNtMiUyMTFpMTAyNCUyMTJpNzY4JTIxNGYxMy4xJTIxM20zJTIxMW0yJTIxMXMweDQ3MTFjNDA0N2YyNzg4Y2IlMjUzQTB4YTRlZWY1ZjJmM2I2ZmUxNiUyMTJzTnlzYSUyMTVlMCUyMTNtMiUyMTFzcGwlMjEyc3BsJTIxNHYxNTk4NDI3ODY3Mzk1JTIxNW0yJTIxMXNwbCUyMTJzcGwlMjIlMjB3aWR0aCUzRCUyMjYwMCUyMiUyMGhlaWdodCUzRCUyMjQ1MCUyMiUyMGZyYW1lYm9yZGVyJTNEJTIyMCUyMiUyMHN0eWxlJTNEJTIyYm9yZGVyJTNBMCUzQiUyMiUyMGFsbG93ZnVsbHNjcmVlbiUzRCUyMiUyMiUyMGFyaWEtaGlkZGVuJTNEJTIyZmFsc2UlMjIlMjB0YWJpbmRleCUzRCUyMjAlMjIlM0UlM0MlMkZpZnJhbWUlM0U=&#8221;][\/vc_column][\/vc_row]<\/p>\n","protected":false},"excerpt":{"rendered":"<p>[vc_row][vc_column el_class=&#8221;contact-text&#8221; offset=&#8221;vc_col-lg-3 vc_col-md-3&#8243;][vc_column_text] Kontakt z nami [\/vc_column_text][vc_column_text] icon Adres firmy: IN CORTA Sp. z o. o. ul. Piotrkowska 270\/417 90-361 \u0141\u00f3d\u017a nip: 5272774698 Email bardzo@kochamnyse.pl [\/vc_column_text][\/vc_column][vc_column offset=&#8221;vc_col-lg-1 vc_col-md-1 vc_hidden-sm&#8221;][\/vc_column][vc_column el_class=&#8221;contact-form&#8221; offset=&#8221;vc_col-lg-8 vc_col-md-8&#8243;][vc_column_text] Napisz do nas wiadomo\u015b\u0107 [\/vc_column_text][\/vc_column][\/vc_row][vc_row full_width=&#8221;stretch_row_content_no_spaces&#8221; css=&#8221;.vc_custom_1536559738900{margin-bottom: 60px !important;}&#8221;][vc_column][vc_gmaps link=&#8221;#E-8_JTNDaWZyYW1lJTIwc3JjJTNEJTIyaHR0cHMlM0ElMkYlMkZ3d3cuZ29vZ2xlLmNvbSUyRm1hcHMlMkZlbWJlZCUzRnBiJTNEJTIxMW0xOCUyMTFtMTIlMjExbTMlMjExZDQwNjI4LjE5NDkzNjk1MjMzJTIxMmQxNy4zMDQ2MTU4Mjc1MzU4NDglMjEzZDUwLjQ3MzQ2MjU5NjM2NDUwNiUyMTJtMyUyMTFmMCUyMTJmMCUyMTNmMCUyMTNtMiUyMTFpMTAyNCUyMTJpNzY4JTIxNGYxMy4xJTIxM20zJTIxMW0yJTIxMXMweDQ3MTFjNDA0N2YyNzg4Y2IlMjUzQTB4YTRlZWY1ZjJmM2I2ZmUxNiUyMTJzTnlzYSUyMTVlMCUyMTNtMiUyMTFzcGwlMjEyc3BsJTIxNHYxNTk4NDI3ODY3Mzk1JTIxNW0yJTIxMXNwbCUyMTJzcGwlMjIlMjB3aWR0aCUzRCUyMjYwMCUyMiUyMGhlaWdodCUzRCUyMjQ1MCUyMiUyMGZyYW1lYm9yZGVyJTNEJTIyMCUyMiUyMHN0eWxlJTNEJTIyYm9yZGVyJTNBMCUzQiUyMiUyMGFsbG93ZnVsbHNjcmVlbiUzRCUyMiUyMiUyMGFyaWEtaGlkZGVuJTNEJTIyZmFsc2UlMjIlMjB0YWJpbmRleCUzRCUyMjAlMjIlM0UlM0MlMkZpZnJhbWUlM0U=&#8221;][\/vc_column][\/vc_row]<\/p>\n","protected":false},"author":1,"featured_media":0,"parent":0,"menu_order":0,"comment_status":"closed","ping_status":"closed","template":"page-templates\/contact-page.php","meta":{"spay_email":""},"_links":{"self":[{"href":"https:\/\/kochamnyse.pl\/sklep\/index.php\/wp-json\/wp\/v2\/pages\/74"}],"collection":[{"href":"https:\/\/kochamnyse.pl\/sklep\/index.php\/wp-json\/wp\/v2\/pages"}],"about":[{"href":"https:\/\/kochamnyse.pl\/sklep\/index.php\/wp-json\/wp\/v2\/types\/page"}],"author":[{"embeddable":true,"href":"https:\/\/kochamnyse.pl\/sklep\/index.php\/wp-json\/wp\/v2\/users\/1"}],"replies":[{"embeddable":true,"href":"https:\/\/kochamnyse.pl\/sklep\/index.php\/wp-json\/wp\/v2\/comments?post=74"}],"version-history":[{"count":6,"href":"https:\/\/kochamnyse.pl\/sklep\/index.php\/wp-json\/wp\/v2\/pages\/74\/revisions"}],"predecessor-version":[{"id":1240,"href":"https:\/\/kochamnyse.pl\/sklep\/index.php\/wp-json\/wp\/v2\/pages\/74\/revisions\/1240"}],"wp:attachment":[{"href":"https:\/\/kochamnyse.pl\/sklep\/index.php\/wp-json\/wp\/v2\/media?parent=74"}],"curies":[{"name":"wp","href":"https:\/\/api.w.org\/{rel}","templated":true}]}}