{"id":1282,"date":"2021-02-04T10:11:16","date_gmt":"2021-02-04T09:11:16","guid":{"rendered":"http:\/\/kochamnyse.pl\/sklep\/?page_id=1282"},"modified":"2021-02-04T10:15:20","modified_gmt":"2021-02-04T09:15:20","slug":"odbior-zamowien","status":"publish","type":"page","link":"https:\/\/kochamnyse.pl\/sklep\/index.php\/odbior-zamowien\/","title":{"rendered":"Odbi\u00f3r zam\u00f3wie\u0144"},"content":{"rendered":"<p>[vc_row][vc_column][vc_column_text]<\/p>\n<p style=\"text-align: center;\"><strong>Dostawa produkt\u00f3w:<\/strong><\/p>\n<p style=\"text-align: center;\">W naszym sklepie to ty decydujesz w jaki spos\u00f3b chcesz odebra\u0107 swoje wymarzone zakupy.<\/p>\n<p>Preferowanym sposobem odbioru jest odbi\u00f3r osobisty w sekretariacie <strong>szko\u0142y Pascal w Nysi<\/strong>e, przy ulicy \u00a0<strong>Wroc\u0142awska 11<\/strong>. Odbi\u00f3r zam\u00f3wionych przez sklep internetowy przedmiot\u00f3w, jest mo\u017cliwy <strong>w godzinach otwarcia sekretariatu<\/strong>. Zawsze mo\u017cesz te\u017c nas odwiedzi\u0107, by zobaczy\u0107 na \u017cywo oferowane przez nas produkty.<\/p>\n<p>Oferujemy tak\u017ce mo\u017cliwo\u015b\u0107 wysy\u0142ki zam\u00f3wienia na terytorium Polski. Koszty dostawy ponosi kupuj\u0105cy. Szczeg\u00f3\u0142y i cennik dostaw znajdziesz w podsumowaniu swojego koszyka na naszej stronie www.[\/vc_column_text][vc_gmaps link=&#8221;#E-8_JTNDaWZyYW1lJTIwc3JjJTNEJTIyaHR0cHMlM0ElMkYlMkZ3d3cuZ29vZ2xlLmNvbSUyRm1hcHMlMkZlbWJlZCUzRnBiJTNEJTIxMW0xOCUyMTFtMTIlMjExbTMlMjExZDI1MzkuMTUyODQ2ODg2NDklMjEyZDE3LjMzMTY5MjcxNTczMjMlMjEzZDUwLjQ3NTQ5ODE3OTQ3ODg3JTIxMm0zJTIxMWYwJTIxMmYwJTIxM2YwJTIxM20yJTIxMWkxMDI0JTIxMmk3NjglMjE0ZjEzLjElMjEzbTMlMjExbTIlMjExczB4NDcxMWM0MGQ4ZGNiMTc3MSUyNTNBMHgzNDg0ZTIwZGI4ZDM1NDc5JTIxMnNTemtvJTI1QzUlMjU4MmElMjUyMFBBU0NBTCUyMTVlMCUyMTNtMiUyMTFzcGwlMjEyc3BsJTIxNHYxNjEyNDMwMDM1NDUwJTIxNW0yJTIxMXNwbCUyMTJzcGwlMjIlMjB3aWR0aCUzRCUyMjYwMCUyMiUyMGhlaWdodCUzRCUyMjQ1MCUyMiUyMGZyYW1lYm9yZGVyJTNEJTIyMCUyMiUyMHN0eWxlJTNEJTIyYm9yZGVyJTNBMCUzQiUyMiUyMGFsbG93ZnVsbHNjcmVlbiUzRCUyMiUyMiUyMGFyaWEtaGlkZGVuJTNEJTIyZmFsc2UlMjIlMjB0YWJpbmRleCUzRCUyMjAlMjIlM0UlM0MlMkZpZnJhbWUlM0U=&#8221;][\/vc_column][\/vc_row]<\/p>\n","protected":false},"excerpt":{"rendered":"<p>[vc_row][vc_column][vc_column_text] Dostawa produkt\u00f3w: W naszym sklepie to ty decydujesz w jaki spos\u00f3b chcesz odebra\u0107 swoje wymarzone zakupy. Preferowanym sposobem odbioru jest odbi\u00f3r osobisty w sekretariacie szko\u0142y Pascal w Nysie, przy ulicy \u00a0Wroc\u0142awska 11. Odbi\u00f3r zam\u00f3wionych przez sklep internetowy przedmiot\u00f3w, jest mo\u017cliwy w godzinach otwarcia sekretariatu. Zawsze mo\u017cesz te\u017c nas odwiedzi\u0107,<\/p>\n","protected":false},"author":1,"featured_media":0,"parent":0,"menu_order":0,"comment_status":"closed","ping_status":"closed","template":"","meta":{"spay_email":""},"_links":{"self":[{"href":"https:\/\/kochamnyse.pl\/sklep\/index.php\/wp-json\/wp\/v2\/pages\/1282"}],"collection":[{"href":"https:\/\/kochamnyse.pl\/sklep\/index.php\/wp-json\/wp\/v2\/pages"}],"about":[{"href":"https:\/\/kochamnyse.pl\/sklep\/index.php\/wp-json\/wp\/v2\/types\/page"}],"author":[{"embeddable":true,"href":"https:\/\/kochamnyse.pl\/sklep\/index.php\/wp-json\/wp\/v2\/users\/1"}],"replies":[{"embeddable":true,"href":"https:\/\/kochamnyse.pl\/sklep\/index.php\/wp-json\/wp\/v2\/comments?post=1282"}],"version-history":[{"count":3,"href":"https:\/\/kochamnyse.pl\/sklep\/index.php\/wp-json\/wp\/v2\/pages\/1282\/revisions"}],"predecessor-version":[{"id":1285,"href":"https:\/\/kochamnyse.pl\/sklep\/index.php\/wp-json\/wp\/v2\/pages\/1282\/revisions\/1285"}],"wp:attachment":[{"href":"https:\/\/kochamnyse.pl\/sklep\/index.php\/wp-json\/wp\/v2\/media?parent=1282"}],"curies":[{"name":"wp","href":"https:\/\/api.w.org\/{rel}","templated":true}]}}