{"id":1274,"date":"2021-02-04T09:36:37","date_gmt":"2021-02-04T08:36:37","guid":{"rendered":"http:\/\/kochamnyse.pl\/sklep\/?page_id=1274"},"modified":"2021-07-20T12:27:53","modified_gmt":"2021-07-20T10:27:53","slug":"regulamin-sklepu","status":"publish","type":"page","link":"https:\/\/kochamnyse.pl\/sklep\/index.php\/regulamin-sklepu\/","title":{"rendered":"Regulamin sklepu"},"content":{"rendered":"<p>[vc_row][vc_column][vc_column_text]<\/p>\n<p><strong>I. Postanowienia Og\u00f3lne<br \/><\/strong>Poni\u017cszy Regulamin okre\u015bla zasady dokonywania transakcji w Sklepie Internetowym Kocham nys\u0119 dzia\u0142aj\u0105cym pod adresem: www.kochamnyse.pl, kt\u00f3ry prowadzony jest przez Sprzedawc\u0119.<\/p>\n\n\n<p><strong>Definicje:<\/strong><br \/><strong>a) Sprzedawca<\/strong> \u2013 rozumie si\u0119 przez to IN CORTA SP\u00d3\u0141KA Z OGRANICZON\u0104 ODPOWIEDZIALNO\u015aCI\u0104. z siedzib\u0105 \u0141odzi przy ul. PIOTRKOWSKA 270\/417 NIP 5272774698<br \/><strong>b)<\/strong> <strong>Klient<\/strong> &#8211; rozumie si\u0119 przez to osob\u0119 fizyczn\u0105, posiadaj\u0105c\u0105 co najmniej ograniczon\u0105 zdolno\u015b\u0107 do czynno\u015bci prawnych i uko\u0144czone 18 lat, a tak\u017ce osob\u0119 prawn\u0105 lub jednostk\u0119 organizacyjn\u0105 nie posiadaj\u0105c\u0105 osobowo\u015bci prawnej, posiadaj\u0105c\u0105 zdolno\u015b\u0107 prawn\u0105 i zdolno\u015b\u0107 do czynno\u015bci prawnych,<br \/><strong>c) Sklep<\/strong>\u00a0\u2013 rozumie si\u0119 przez to sklep internetowy, prowadzony przez Sprzedawc\u0119 pod adresem internetowym www.kochamnyse.pl,<br \/><strong>d)<\/strong> <strong>Towar lub Towary<\/strong> \u2013 rozumie si\u0119 przez to towary oferowane przez Sprzedawc\u0119 do sprzeda\u017cy detalicznej dost\u0119pne w Sklepie,<br \/><strong>e) Cenia<\/strong> &#8211; nale\u017cy przez to rozumie\u0107 cen\u0119 brutto Towaru umieszczon\u0105 obok informacji o Towarze, nie uwzgl\u0119dniaj\u0105c\u0105 Koszt\u00f3w dostarczenia Towaru. Ceny Towar\u00f3w znajduj\u0105cych si\u0119 w Sklepie wyra\u017cone s\u0105 w z\u0142otych polskich i uwzgl\u0119dniaj\u0105 podatek VAT,<br \/><strong>f) Dostawca<\/strong> \u2013 rozumie si\u0119 przez to firm\u0119 kuriersk\u0105 wsp\u00f3\u0142pracuj\u0105c\u0105 ze Sprzedawc\u0105. W przypadku, gdy Sprzedawca podejmie wsp\u00f3\u0142prac\u0119 z Poczt\u0105 Polsk\u0105 lub innym operatorem publicznym, za Dostawc\u0119 b\u0119dzie uwa\u017cana r\u00f3wnie\u017c Poczta Polska lub inny operator publiczny,<br \/><strong>g) Koszty dostarczenia Towaru <\/strong>\u2013 rozumie si\u0119 przez to op\u0142aty za dostaw\u0119 Towaru do Klienta,<br \/><strong>h)<\/strong> <b>Zam\u00f3wienie<\/b>\u00a0\u2013 rozumie si\u0119 przez to zam\u00f3wienie na Towar lub Towary z\u0142o\u017cone przez Klienta w Sklepie zgodnie z niniejszym Regulaminem.<\/p>\n<p>Dost\u0119pno\u015b\u0107 towar\u00f3w w sklepie jest aktualizowana na bie\u017c\u0105co.<br \/>Sprzedawca zastrzega sobie prawo do limitowania ilo\u015bci zamawianych Towar\u00f3w oferowanych w Sklepie po promocyjnych cenach.<\/p>\n<p><strong>II. Rejestracja i warunki dokonywania Zam\u00f3wie\u0144<br \/><\/strong><strong>Klientami uprawnionymi do sk\u0142adania Zam\u00f3wie\u0144 na Towary s\u0105 Klienci:<\/strong><br \/><strong>a)<\/strong> posiadaj\u0105cy status zarejestrowanego u\u017cytkownika Sklepu,<br \/><strong>b)<\/strong> nie posiadaj\u0105cy statusu zarejestrowanego u\u017cytkownika Sklepu \u2013 dokonuj\u0105cy zakup\u00f3w z pomini\u0119ciem procedury rejestracji i logowania.<\/p>\n<p><strong>Status zarejestrowanego u\u017cytkownika Sklepu uzyskuje si\u0119 po wykonaniu nast\u0119puj\u0105cych czynno\u015bci:<\/strong><br \/><strong>a)<\/strong> wype\u0142nieniu w prawid\u0142owy spos\u00f3b formularza rejestracyjnego znajduj\u0105cego si\u0119 na stronie internetowej Sklepu (w szczeg\u00f3lno\u015bci podania wymaganych w formularzu danych osobowych i ustalenia przez Klienta loginu oraz has\u0142a),<br \/><strong>b)<\/strong> dokonaniu aktywacji konta, poprzez wej\u015bcie na link wys\u0142any na adres mailowy Klienta.<br \/>Czynno\u015bci rejestracyjne dokonywane s\u0105 jednorazowo. Przy ka\u017cdym kolejnym Zam\u00f3wieniu Klient u\u017cywa ustalonego wcze\u015bniej na stronie Sklepu loginu i has\u0142a. Po u\u017cyciu ustalonego przez Klienta loginu i has\u0142a ma on mo\u017cliwo\u015b\u0107 aktualizacji danych podanych przy rejestracji. Login i has\u0142o maj\u0105 charakter poufny.<br \/><strong>c)<\/strong> Klient posiadaj\u0105cy status zarejestrowanego u\u017cytkownika Sklepu sk\u0142ada zam\u00f3wienie po zalogowaniu si\u0119 do Sklepu poprzez dodanie Towaru prezentowanego w Sklepie do Koszyka, nast\u0119pnie potwierdzaj\u0105c z\u0142o\u017cenie zam\u00f3wienia na Towar przez wyb\u00f3r przycisku \u2013 \u201eKupuje i p\u0142ac\u0119\u201d.<br \/><strong>d)<\/strong> Klient nie posiadaj\u0105cy statusu zarejestrowanego u\u017cytkownika Sklepu sk\u0142ada zam\u00f3wienie poprzez dodanie Towaru prezentowanego w Sklepie Internetowym do Koszyka, nast\u0119pnie potwierdzaj\u0105c z\u0142o\u017cenie zam\u00f3wienia na Towar poprzez wyb\u00f3r przycisku &#8211; \u201eKupuje i p\u0142ac\u0119\u201d i podaj\u0105c dane niezb\u0119dne do zrealizowania zam\u00f3wienia zgodnie z procedur\u0105 zamieszczon\u0105 na stronie internetowej Sklepu.<br \/><strong>e)<\/strong> Informacje o prawach konsumenta, b\u0119d\u0105 przesy\u0142ane Klientowi na podany przez Klienta podczas sk\u0142adania zam\u00f3wienia adres e-mail w wiadomo\u015bci e-mail potwierdzaj\u0105cej z\u0142o\u017cenie i tre\u015b\u0107 z\u0142o\u017conego przez Klienta Zam\u00f3wienia.<br \/><strong>f)<\/strong> W Zam\u00f3wieniu Klient mo\u017ce wskaza\u0107 dodatkowo dane wymagane do wystawienia faktury VAT, je\u017celi \u017c\u0105da wystawienia faktury VAT.<\/p>\n<p><strong>III. Zawarcie umowy sprzeda\u017cy i realizacja Zam\u00f3wie\u0144<br \/><\/strong><strong>a)<\/strong> Z chwil\u0105 z\u0142o\u017cenia Zam\u00f3wienia przez Klienta dochodzi do <strong>zawarcia umowy sprzeda\u017cy Towaru<\/strong>. Po z\u0142o\u017ceniu Zam\u00f3wienia Klient otrzymuje e-mail z podsumowaniem zam\u00f3wienia i informacj\u0105 o zarejestrowaniu Zam\u00f3wienia w Sklepie.<br \/><strong>b)<\/strong> Dokonywanie Zam\u00f3wie\u0144 w Sklepie jest mo\u017cliwe 24 godziny na dob\u0119 przez wszystkie dni w roku.<br \/><strong>c)<\/strong> Towar obj\u0119ty Zam\u00f3wieniem jest dostarczany Klientowi przez Sprzedawc\u0119 wraz z dokumentem potwierdzaj\u0105cym zawarcie umowy sprzeda\u017cy, to jest faktur\u0105 VAT.<br \/><strong>d)<\/strong> Tre\u015bci um\u00f3w sprzeda\u017cy zawieranych w Sklepie s\u0105 przechowywane przez system informatyczny Sklepu przez okres co najmniej 3 miesi\u0119cy od daty zawarcia ka\u017cdej z um\u00f3w, a tre\u015b\u0107 tych um\u00f3w jest udost\u0119pniona wy\u0142\u0105cznie stronom umowy lub na \u017c\u0105danie uprawnionych organ\u00f3w w\u0142adzy publicznej zgodnie z przepisami prawa. Ka\u017cdy Klient, kt\u00f3ry dokona\u0142 procedury rejestracji, ma po zalogowaniu dost\u0119p do wszystkim swoich um\u00f3w sprzeda\u017cy zawartych w Sklepie przez okres ich przechowywania w systemie informatycznym okre\u015blonym w zdaniu pierwszym.<br \/><strong>e)<\/strong> Warunki umowy sprzeda\u017cy okre\u015bla niniejszy Regulamin, obowi\u0105zuj\u0105ce przepisy prawa oraz indywidualne ustalenia pomi\u0119dzy Sprzedawc\u0105 a Klientem.<\/p>\n<p><strong>IV. Zasady p\u0142atno\u015bci<br \/><\/strong>Nale\u017cno\u015b\u0107 za Towar oraz Koszty dostarczenia Towaru mog\u0105 by\u0107 uiszczane jedynie wed\u0142ug poni\u017cszych mo\u017cliwo\u015bci:<br \/><strong>a)<\/strong> przelewem albo wp\u0142at\u0105 na rachunek bankowy Sprzedawcy,<br \/><strong>b)<\/strong> W przypadku p\u0142atno\u015bci realizowanej przelewem lub wp\u0142at\u0105 na rachunek bankowy Sprzedawcy, na poleceniu przelewu nale\u017cy umie\u015bci\u0107 w tytule przelewu:<br \/><strong>c)<\/strong> imi\u0119 i nazwisko albo firm\u0119 Klienta,<br \/><strong>d)<\/strong> numer Zam\u00f3wienia (wskazany w informacji o zarejestrowaniu Zam\u00f3wienia w Sklepie).<br \/>P\u0142atno\u015bci nale\u017cy dokona\u0107 na rachunek bankowy podany w emailu podsumowuj\u0105cym zam\u00f3wienie:<br \/><strong>e)<\/strong> Wszystkie produkty s\u0105 fizycznie dost\u0119pne do odbioru i obejrzenia pod adresem Nysa, ul. Wroc\u0142awska 11 w sekretariacie szko\u0142y Pascal.<br \/><strong>f)<\/strong> W przypadku gdy Sprzedawca wprowadzi mo\u017cliwo\u015b\u0107 dostawy zam\u00f3wionego Towaru za po\u015brednictwem Poczty Polskiej, w\u00f3wczas mo\u017cliwa b\u0119dzie r\u00f3wnie\u017c p\u0142atno\u015b\u0107 za pobraniem za po\u015brednictwem Poczty Polskiej.<br \/><strong>g)<\/strong> Sprzedawca przewiduje r\u00f3wnie\u017c mo\u017cliwo\u015b\u0107 wprowadzenia p\u0142atno\u015bci got\u00f3wk\u0105 przy odbiorze osobistym przez Klienta w wyznaczonym punkcie handlowym Sprzedawcy. Sprzedawca poinformuje o wprowadzeniu takiej mo\u017cliwo\u015bci na stronie internetowej Sklepu.<\/p>\n<p><strong>V. Dostawa zam\u00f3wionego Towaru<br \/><\/strong><strong>a)<\/strong> Sprzedawca realizuje Zam\u00f3wienia w formie przesy\u0142ki kurierskiej za po\u015brednictwem Dostawcy. <strong>b)<\/strong> Sprzedawca przewiduje mo\u017cliwo\u015b\u0107 wprowadzenia realizacji dostaw przesy\u0142k\u0105 pocztow\u0105 za po\u015brednictwem Poczty Polskiej. Sprzedawca poinformuje o takiej mo\u017cliwo\u015bci na stronie internetowej Sklepu.<br \/><strong>c)<\/strong> Sprzedawca zobowi\u0105zuje si\u0119 dostarcza\u0107 Towary bez wad.<br \/><strong>d)<\/strong> Koszty dostarczenia Towaru, kt\u00f3re opr\u00f3cz ceny za Towar ponosi Klient, s\u0105 podawane na stronie internetowej Sklepu przy sk\u0142adaniu Zam\u00f3wienia.<br \/><strong>e)<\/strong> Sprzedawca przewiduje mo\u017cliwo\u015b\u0107 odbioru osobistego Towaru przez Klienta w punktach stacjonarnych Sprzedawcy Informacj\u0119 o takiej mo\u017cliwo\u015bci Sprzedawca zamie\u015bci na stronie internetowej Sklepu. Odbi\u00f3r zam\u00f3wionego Towaru mo\u017cliwy b\u0119dzie przez Klienta lub osob\u0119 przez niego upowa\u017cnion\u0105 (upowa\u017cnienie wymaga formy pisemnej), w wyznaczonym punkcie handlowym Sprzedawcy, po uprzednim potwierdzeniu terminu przez administracj\u0119 Sklepu drog\u0105 mailow\u0105 lub telefoniczn\u0105.<\/p>\n<p><strong>VI. Zwrot zakupionego Towaru<br \/><\/strong><strong>a)<\/strong> Z zastrze\u017ceniem ust. 4 poni\u017cej, Klient, kt\u00f3ry jest konsumentem, mo\u017ce zwr\u00f3ci\u0107 zakupiony w Sklepie Towar bez podania przyczyny sk\u0142adaj\u0105c o\u015bwiadczenie o odst\u0105pieniu od umowy sprzeda\u017cy Towaru zgodnie z art. 27 ustawy z dnia 30 maja 2014 r. o prawach konsumenta. Uprawnienie to Klient mo\u017ce zrealizowa\u0107 w ci\u0105gu 14 dni od otrzymania Towaru. Do zachowania terminu wystarczy wys\u0142anie o\u015bwiadczenia przed jego up\u0142ywem. W przypadku odst\u0105pienia od umowy sprzeda\u017cy Towaru w trybie wskazanym w niniejszym ust\u0119pie, Klient jest zobowi\u0105zany do zwrotu Towaru Sprzedawcy w terminie 14 dni od z\u0142o\u017cenia o\u015bwiadczenia o odst\u0105pieniu od umowy sprzeda\u017cy Towaru,<br \/><strong>b)<\/strong> W przypadku odst\u0105pienia od umowy sprzeda\u017cy Towar\u00f3w, umow\u0119 sprzeda\u017cy Towaru uznaje si\u0119 za niezawart\u0105.<br \/><strong>c)<\/strong> Sprzedawca zwraca Klientowi nale\u017cno\u015b\u0107 za odes\u0142any przez Klienta Towar w ci\u0105gu 14 dni, licz\u0105c od dnia dor\u0119czenia Sprzedaj\u0105cemu o\u015bwiadczenia o odst\u0105pieniu od umowy sprzeda\u017cy Towar\u00f3w.<\/p>\n<p><strong>VII. Reklamacja Towaru<\/strong><br \/>Zg\u0142oszenie reklamacji Towar\u00f3w powinno zosta\u0107:<br \/><strong>a)<\/strong> przes\u0142ane na adres sprzedawcy<br \/>lub<br \/><strong>b)<\/strong> przes\u0142ane na adres e-mail: bardzo@kochamnyse.pl<\/p>\n\n\n\n<p><strong>Reklamacja Towaru zostanie rozpatrzona do 14 dni od dnia z\u0142o\u017cenia reklamacji. O sposobie rozpatrzenia reklamacji towaru Klient zostanie powiadomiony drog\u0105 mailow\u0105 lub telefoniczn\u0105.<br \/><\/strong><br \/><strong>VIII. Ochrona danych osobowych<\/strong><br \/><strong>a)<\/strong> Klient dokonuj\u0105c rejestracji w Sklepie wyra\u017ca zgod\u0119 na gromadzenie i przetwarzanie przez Sprzedawc\u0119 danych osobowych podanych w formularzu\u00a0 <span class=\"ILfuVd\"><span class=\"hgKElc\">zgodnie z ustaw\u0105 z dnia 10 maja 2018 roku o ochronie <b>danych osobowych<\/b> (Dz. Ustaw z 2018, poz. 1000) oraz zgodnie z Rozporz\u0105dzeniem Parlamentu Europejskiego i Rady (UE) 2016\/679 z dnia 27 kwietnia 2016 r<\/span><\/span> wy\u0142\u0105cznie w celu realizacji Zam\u00f3wie\u0144.<br \/><strong>b)<\/strong> Klient mo\u017ce wyrazi\u0107 zgod\u0119 na otrzymywanie od Sprzedawcy informacji o charakterze reklamowym i handlowym, w tym za pomoc\u0105 \u015brodk\u00f3w komunikacji elektronicznej. Zgoda ta jest udzielana przez Klienta poprzez zaznaczenie odpowiedniej opcji na formularzu rejestracyjnym. Wyra\u017cenie zgody nie jest warunkiem realizacji Zam\u00f3wienia.<br \/><strong>c)<\/strong> Klientowi przys\u0142uguje prawo do wgl\u0105du do tre\u015bci podanych danych osobowych oraz ich poprawiania, a tak\u017ce \u017c\u0105dania usuni\u0119cia danych.<\/p>\n<p><strong>IX. Dane kontaktowe<\/strong><br \/>We wszelkich sprawach zwi\u0105zanych dokonywaniem transakcji w Sklepie Klient mo\u017ce kontaktowa\u0107 si\u0119 ze Sprzedawc\u0105 w nast\u0119puj\u0105cy spos\u00f3b:<br \/>a) poczt\u0105 pod adresem:<br \/><strong>IN CORTA SP\u00d3\u0141KA Z OGRANICZON\u0104 ODPOWIEDZIALNO\u015aCI\u0104<\/strong><br \/><strong>ul. PIOTRKOWSKA 270\/417<\/strong><br \/><strong>90-361 \u0141\u00d3D\u0179<\/strong><br \/>b) za po\u015brednictwem e-mail:<br \/><strong>bardzo@kochamnyse.pl<br \/><\/strong><br \/><strong>X. Postanowienia ko\u0144cowe<\/strong><br \/>We wszelkich sprawach nie uregulowanych w niniejszym Regulaminie maj\u0105 zastosowanie przepisy ustawy z dnia 30 maja 2014 r. o prawach konsumenta. Postanowienia niniejszego Regulaminu nie naruszaj\u0105 praw konsumenta z tytu\u0142u niezgodno\u015bci towaru z umow\u0105. Postanowienia Regulaminu nale\u017cy interpretowa\u0107 w spos\u00f3b zapewniaj\u0105cy ich zgodno\u015b\u0107 z obowi\u0105zuj\u0105cymi przepisami prawa.<\/p>\n\n<p>&nbsp;<\/p>\n<p>[\/vc_column_text][\/vc_column][\/vc_row]<\/p>\n","protected":false},"excerpt":{"rendered":"<p>[vc_row][vc_column][vc_column_text] I. Postanowienia Og\u00f3lnePoni\u017cszy Regulamin okre\u015bla zasady dokonywania transakcji w Sklepie Internetowym Kocham nys\u0119 dzia\u0142aj\u0105cym pod adresem: www.kochamnyse.pl, kt\u00f3ry prowadzony jest przez Sprzedawc\u0119. Definicje:a) Sprzedawca \u2013 rozumie si\u0119 przez to IN CORTA SP\u00d3\u0141KA Z OGRANICZON\u0104 ODPOWIEDZIALNO\u015aCI\u0104. z siedzib\u0105 \u0141odzi przy ul. PIOTRKOWSKA 270\/417 NIP 5272774698b) Klient &#8211; rozumie si\u0119 przez<\/p>\n","protected":false},"author":1,"featured_media":0,"parent":0,"menu_order":0,"comment_status":"closed","ping_status":"closed","template":"","meta":{"spay_email":""},"_links":{"self":[{"href":"https:\/\/kochamnyse.pl\/sklep\/index.php\/wp-json\/wp\/v2\/pages\/1274"}],"collection":[{"href":"https:\/\/kochamnyse.pl\/sklep\/index.php\/wp-json\/wp\/v2\/pages"}],"about":[{"href":"https:\/\/kochamnyse.pl\/sklep\/index.php\/wp-json\/wp\/v2\/types\/page"}],"author":[{"embeddable":true,"href":"https:\/\/kochamnyse.pl\/sklep\/index.php\/wp-json\/wp\/v2\/users\/1"}],"replies":[{"embeddable":true,"href":"https:\/\/kochamnyse.pl\/sklep\/index.php\/wp-json\/wp\/v2\/comments?post=1274"}],"version-history":[{"count":3,"href":"https:\/\/kochamnyse.pl\/sklep\/index.php\/wp-json\/wp\/v2\/pages\/1274\/revisions"}],"predecessor-version":[{"id":1454,"href":"https:\/\/kochamnyse.pl\/sklep\/index.php\/wp-json\/wp\/v2\/pages\/1274\/revisions\/1454"}],"wp:attachment":[{"href":"https:\/\/kochamnyse.pl\/sklep\/index.php\/wp-json\/wp\/v2\/media?parent=1274"}],"curies":[{"name":"wp","href":"https:\/\/api.w.org\/{rel}","templated":true}]}}