{"id":1160,"date":"2018-10-05T02:00:03","date_gmt":"2018-10-05T02:00:03","guid":{"rendered":"http:\/\/192.168.1.209\/sneaker\/?page_id=3"},"modified":"2021-02-04T09:11:34","modified_gmt":"2021-02-04T08:11:34","slug":"privacy-policy","status":"publish","type":"page","link":"https:\/\/kochamnyse.pl\/sklep\/index.php\/privacy-policy\/","title":{"rendered":"Polityka prywatno\u015bci"},"content":{"rendered":"<p>[vc_row][vc_column][vc_column_text]<strong>Polityka Prywatno\u015bci<\/strong><br \/>\nZapewniamy Ci\u0119, \u017ce nasza firma przestrzega restryktywnej polityki bezpiecze\u0144stwa danych osobowych. Twoje dane osobowe s\u0105 u nas bezpieczne Wierzymy, \u017ce zapoznanie si\u0119 z nasz\u0105 polityk\u0105 prywatno\u015bci pozwoli Ci poczu\u0107 si\u0119 bezpiecznie i cieszy\u0107 zakupami w sklepie internetowym Kocham Nys\u0119. Twoje dane osobowe przetwarzamy zgodnie z rozporz\u0105dzeniem Parlamentu Europejskiego i Rady (UE) 2016\/679 z dnia 27 kwietnia 2016 r. w sprawie ochrony os\u00f3b fizycznych w zwi\u0105zku z przetwarzaniem danych osobowych i w sprawie swobodnego przep\u0142ywu takich danych oraz uchylenia dyrektywy 95\/46\/WE (dalej: RODO).<\/p>\n<p><strong>I. Kto jest administratorem Twoich danych osobowych?<\/strong><br \/>\nAdministratorem danych osobowych Kocham Nys\u0119 (dalej: Administrator), czyli odpowiedzialnym za zapewnienie bezpiecze\u0144stwa Twoim danym osobowym jest:<br \/>\nIN CORTA SP\u00d3\u0141KA Z OGRANICZON\u0104 ODPOWIEDZIALNO\u015aCI\u0104<br \/>\nul. PIOTRKOWSKA 270\/417<br \/>\n90-361 \u0141\u00d3D\u0179<br \/>\n\u0141\u00d3DZKIE<br \/>\nNIP 5272774698<\/p>\n<p><strong>II. Podstawa i cel przetwarzania<\/strong><br \/>\nPrzetwarzanie danych osobowych wymaga podstawy prawnej. RODO przewiduje kilka rodzaj\u00f3w takich podstaw prawnych dla przetwarzania danych, a w przypadkach korzystania z naszych us\u0142ug wyst\u0105pi\u0105, co do zasady czterech z nich:<br \/>\nNiezb\u0119dno\u015b\u0107 przetwarzania do zawarcia lub wykonania umowy, kt\u00f3rej jeste\u015b stron\u0105. Umowa to, w naszym przypadku, sprzeda\u017c internetowa produkt\u00f3w oferowanych na naszej stronie. W celach wynikaj\u0105cych z prawnie uzasadnionych interes\u00f3w realizowanych przez Administratora,<br \/>\nprzepisy prawa wymagaj\u0105 od nas przetwarzania Twoich danych dla cel\u00f3w podatkowych i rachunkowych<br \/>\na tak\u017ce na podstawie Twojej zgody \u2013 w celach zgodnych z tre\u015bci\u0105 udzielonej zgody, w tym w celach handlowych i marketingowych.<br \/>\nTwoje dane s\u0105 przetwarzane na podstawie art. 6 ust. 1 lit. a), lit. b) i lit. f) RODO.<\/p>\n<p><strong>III. Dlaczego o twoje dane osobowe prosimy i komu je przekazujemy?<\/strong><br \/>\na. Rejestracja<br \/>\nW trakcie rejestracji prosimy o podanie danych niezb\u0119dnych do za\u0142o\u017cenia konta w na stronie Kocham Nys\u0119 dzi\u0119ki czemu nie musisz przy ka\u017cdym kolejnym zakupie traci\u0107 czasu na ponowne wype\u0142niania ca\u0142ego formularza zam\u00f3wienia.. Zarejestrowany klient po zalogowaniu ma r\u00f3wnie\u017c mo\u017cliwo\u015b\u0107 weryfikacji statusu z\u0142o\u017conego zam\u00f3wienia i historii dokonanych zakup\u00f3w. Zarejestrowany i zalogowany klient w ka\u017cdej chwili mo\u017ce samodzielnie poprawia\u0107, uzupe\u0142nia\u0107 lub usun\u0105\u0107 ca\u0142kowicie dane ze sklepu Kocham Nys\u0119.<br \/>\nb. Z\u0142o\u017cenie zam\u00f3wienia<br \/>\nW trakcie sk\u0142adania zam\u00f3wienia prosimy o podanie nam danych niezb\u0119dnych do realizacji zam\u00f3wienia, kt\u00f3re w przypadku zarejestrowanych i zalogowanych Klient\u00f3w cz\u0119\u015bciowo pobierane s\u0105 automatycznie z danych podanych przy rejestracji.<br \/>\nDane podane w trakcie sk\u0142adania zam\u00f3wienia s\u0105 przetwarzane przez Kocham Nys\u0119 i nast\u0119puj\u0105ce podmioty w podanym poni\u017cej zakresie imi\u0119 i nazwisko, adres, telefon, e-mail wskazane jako adres dostawy przekazywane s\u0105 firmom przewozowym w postaci etykiety\/listu przewozowego b\u0119d\u0105cego jednocze\u015bnie zleceniem dor\u0119czenia przesy\u0142ki.<\/p>\n<p><strong>IV. Dane kt\u00f3re pobierane s\u0105 automatycznie po wej\u015bciu na www.kochamnyse.pl<\/strong><br \/>\na. Kocham Nys\u0119 (serwer)<br \/>\nSystem informatyczny, z kt\u00f3rego korzysta sklep Kocham Nys\u0119 automatycznie gromadzi w logach dane zwi\u0105zane z urz\u0105dzeniem, z kt\u00f3rego korzystasz \u0142\u0105cz\u0105c si\u0119 z Kocham Nys\u0119. Dane te gromadzone s\u0105 jedynie w celach statystycznych i dotycz\u0105: typu urz\u0105dzenia, systemu operacyjnego, rodzaju przegl\u0105darki internetowej, rozdzielczo\u015bci ekranu, g\u0142\u0119bi kolor\u00f3w, IP, dostawcy us\u0142ug internetowych, czy adres wej\u015bcia na medyczny.eu i s\u0105 wykorzystywane jedynie w procesie optymalizacji medyczny.eu w celu zapewnienia jak najwi\u0119kszej wygody korzystania.<br \/>\nDane te nie s\u0105 nigdy \u0142\u0105czone z Twoimi danymi osobowymi podanymi podczas rejestracji czy sk\u0142adania zam\u00f3wienia na stronie Kocham Nys\u0119 i stanowi\u0105 jedynie materia\u0142 do analizy statystycznej i mechanizm\u00f3w korygowania b\u0142\u0119d\u00f3w systemowych.<br \/>\nb. Kocham Nys\u0119 (cookies)<br \/>\nSklep Kocham Nys\u0119 wykorzystuje technologi\u0119 \u201ecookies\u201d, czyli plik\u00f3w tekstowych umieszczanych na Twoim urz\u0105dzeniu, w celu umo\u017cliwienia stronie rozpoznania Ciebie i dostosowania sklepu do Twoich potrzeb. W przypadku, gdy nie zgadzasz si\u0119 na umieszczanie na swoim urz\u0105dzeniu plik\u00f3w cookies mo\u017ce zablokowa\u0107 ich umieszczenie odpowiednio konfiguruj\u0105c swoja przegl\u0105dark\u0119 internetow\u0105. Informacje jak to zrobi\u0107 znajdziesz w plikach pomocy swojej przegl\u0105darki internetowej. Niestety w przypadku zablokowania plik\u00f3w cookies pochodz\u0105cych ze strony Kocham Nys\u0119 nie mo\u017cemy zagwarantowa\u0107 jego poprawnego dzia\u0142ania. Je\u017celi zgadzasz si\u0119 na umieszczanie na swoim urz\u0105dzeniu plik\u00f3w cookies, ale po zako\u0144czeniu odwiedzin w stronie Kocham Nys\u0119 chcia\u0142by\u015b je skasowa\u0107, mo\u017cesz to zrobi\u0107 bez ryzyka a informacj\u0119 o tym jak, to zrobi\u0107 znajdziesz w plikach pomocy swojej przegl\u0105darki internetowej.<br \/>\nc. Google Analytics (cookies)<br \/>\nGoogle Analytics wykorzystuje technologi\u0119 \u201ecookies\u201d, czyli plik\u00f3w tekstowych umieszczanych na Twoim urz\u0105dzeniu, w celu umo\u017cliwienia przeanalizowania przez medyczny.eu \u017ar\u00f3de\u0142 ruchu i sposobu, w jaki odwiedzaj\u0105cy korzystaj\u0105 z niego. Google gromadzi na swoich serwerach dane pozyskane z umieszczania na urz\u0105dzeniach plik\u00f3w cookies i korzysta z tych informacji w celu tworzenia raport\u00f3w i \u015bwiadczenia innych us\u0142ug zwi\u0105zanych z ruchem i korzystaniem z Internetu. Google mo\u017ce r\u00f3wnie\u017c przekazywa\u0107 te informacje osobom trzecim, je\u017celi b\u0119dzie zobowi\u0105zana to uczyni\u0107 na podstawie przepis\u00f3w prawa lub w przypadku, gdy osoby te przetwarzaj\u0105 takie informacje w imieniu Google. Dane te nie s\u0105 nigdy \u0142\u0105czone z Twoimi danymi osobowymi podanymi podczas rejestracji czy sk\u0142adania zam\u00f3wienia na medyczny.eu i stanowi\u0105 jedynie materia\u0142 do analizy statystycznej i mechanizm\u00f3w korygowania b\u0142\u0119d\u00f3w systemowych.<\/p>\n<p><strong>V. Jak d\u0142ugo b\u0119dziemy przechowywa\u0107 Twoje dane?<\/strong><br \/>\nPrzechowujemy Twoje dane osobowe przez czas obowi\u0105zywania umowy oraz po jej zako\u0144czeniu, je\u015bli istnieje ryzyko dochodzenia roszcze\u0144 w zwi\u0105zku z jej wykonywaniem, ale nie d\u0142u\u017cej ni\u017c przez okres 10 lat od dnia jej zako\u0144czenia. Dane osobowe, kt\u00f3re przetwarzamy na podstawie podatkowych i rachunkowych przepis\u00f3w prawnych jeste\u015bmy obowi\u0105zani przechowywa\u0107 przez okres 5 lat po zako\u0144czeniu roku, w kt\u00f3rym up\u0142yn\u0105\u0142 termin p\u0142atno\u015bci podatku.<br \/>\nDane osobowe, kt\u00f3re przetwarzamy w celach marketingowych, jeste\u015bmy uprawnieni przetwarza\u0107 wy\u0142\u0105cznie do czasu cofni\u0119cia bez ciebie zgody w tym zakresie.<\/p>\n<p><strong>VI. Polityka prywatno\u015bci bezpiecze\u0144stwa partner\u00f3w Kocham Nys\u0119<\/strong><br \/>\nZesp\u00f3\u0142 Kocham Nys\u0119 bardzo starannie dobiera swoich partner\u00f3w biznesowych i r\u00f3wnie starannie weryfikuje zamieszczanie na stronie linki do innych stron internetowych. Kocham Nys\u0119 nie odpowiada jednak za standard i polityk\u0119 ochrony prywatno\u015bci stosowan\u0105 przez w\u0142a\u015bcicieli, operator\u00f3w czy administrator\u00f3w tych stron. Dlatego zalecamy weryfikacj\u0119 ka\u017cdego z naszych partner\u00f3w w zakresie w\u0142asnym i samodzielne podj\u0119cie decyzji, czy chcesz powierzy\u0107 im Twoje dane osobowe.<\/p>\n<p><strong>VII. Twoje prawa zwi\u0105zane z przetwarzaniem Twoich danych osobowych<\/strong><br \/>\nPrzys\u0142uguje Ci prawo \u017c\u0105dania dost\u0119pu do tre\u015bci Twoich danych osobowych, otrzymania kopii, ich sprostowania, usuni\u0119cia (je\u017celi przetwarzanie Twoich danych opiera si\u0119 na Twojej zgodzie), ograniczenia przetwarzania. Dodatkowo posiadasz prawo wniesienia sprzeciwu wobec przetwarzania danych oraz prawo do przenoszenia danych. Realizacja wymienionych w niniejszym akapicie praw odbywa si\u0119 zgodnie z przepisami RODO.<br \/>\nW przypadku gdy przetwarzamy Twoje dane osobowe na podstawie jedynie Twojej zgody, masz prawo do cofni\u0119cia zgody w dowolnym momencie, bez wp\u0142ywu na zgodno\u015b\u0107 z prawem przetwarzania, kt\u00f3rego dokonano na podstawie zgody przed jej cofni\u0119ciem.<br \/>\nMasz prawo wniesienia skargi do organu nadzorczego (Generalny Inspektor Ochrony Danych Osobowych\/Prezes Urz\u0119du Ochrony Danych Osobowych, adres: ul. Stawki 2, 00-193 Warszawa,) na zasadach okre\u015blonych w RODO.<\/p>\n<p><strong>VIII. Czy przetwarzamy Twoje dane osobowe automatycznie (w tym poprzez profilowanie) w spos\u00f3b wp\u0142ywaj\u0105cy na Twoje prawa?<\/strong><br \/>\nTwoje dane osobowe (w zakresie Twoich zachowani, okoliczno\u015bci ekonomicznych, Twojej pracy, zainteresowa\u0144, preferencji czy lokalizacji) b\u0119d\u0105 przetwarzane w spos\u00f3b zautomatyzowany (w tym w formie profilowania ), jednak\u017ce nie b\u0119dzie to wywo\u0142ywa\u0107 wobec Ciebie \u017cadnych skutk\u00f3w prawnych lub w podobny spos\u00f3b istotnie wp\u0142ywa\u0107 na Twoj\u0105 sytuacj\u0119.<\/p>\n<p><strong>IX. Przetwarzanie Twoich danych w pa\u0144stwach trzecich<\/strong><br \/>\nNie przekazujemy Twoich danych osobowych do pa\u0144stw trzecich (poza Uni\u0119 Europejsk\u0105) lub organizacji mi\u0119dzynarodowych. W przypadku gdyby taki zamiar powsta\u0142 do\u0142o\u017cymy wszelkich stara\u0144 aby w razie konieczno\u015bci przekazania danych do pa\u0144stwa trzeciego lub organizacji mi\u0119dzynarodowej by\u0142o to pa\u0144stwo lub organizacja, wobec kt\u00f3rych Komisja Europejska (KE) stwierdzi\u0142a odpowiednie zabezpieczenia prawne, kt\u00f3rymi s\u0105 standardowe klauzule umowne ochrony danych osobowych, zatwierdzone przez KE.<\/p>\n<p><strong>X. Udost\u0119pnianie Twoich danych osobowych<\/strong><br \/>\nW szczeg\u00f3lnych sytuacjach, w kt\u00f3rych obowi\u0105zuj\u0105ce prawo nakazuje administratorowi udost\u0119pnienie zebranych danych organom pa\u0144stwowym, medyczny.eu dane takie udost\u0119pni. Za wyj\u0105tkiem tych sytuacji, Twoje dane osobowe b\u0119d\u0105 ujawnianie wy\u0142\u0105cznie w zakresie, celu i podmiotom wymienionym w niniejszej polityce prywatno\u015bci.<\/p>\n<p><strong>XI. Informacja o wymogu podania danych<\/strong><br \/>\nPodanie przez Ciebie danych jest warunkiem zawarcia umowy. W przypadku, gdy postanowisz jednak nie podawa\u0107 nam swoich danych osobowych niezb\u0119dnych do realizacji zam\u00f3wienia, niestety nie b\u0119dziemy mogli zrealizowa\u0107 Twojego zam\u00f3wienia.<\/p>\n<p><strong>XII. Zmiana polityki bezpiecze\u0144stwa<\/strong><br \/>\nZesp\u00f3\u0142 Kocham Nys\u0119 zastrzega sobie prawo zmiany polityki prywatno\u015bci, o ile b\u0119dzie wymaga\u0107 tego obowi\u0105zuj\u0105ce prawo, ulegn\u0105 zmianie warunki technologiczne funkcjonowania, lub zmiana b\u0119dzie wprowadza\u0107 standard wy\u017cszy od minimum wymaganego prawem.<br \/>\nXIII. Kontakt<br \/>\nZesp\u00f3\u0142 Kocham Nys\u0119 kontaktuje si\u0119 z Tob\u0105 korzystaj\u0105c z podanego e-maila, a tylko w szczeg\u00f3lnych sytuacjach korzystamy z podanego przez Ciebie numeru telefonu.<br \/>\nW przypadku jakichkolwiek pyta\u0144 lub w\u0105tpliwo\u015bci co do polityki prywatno\u015bci i bezpiecze\u0144stwa Twoich danych osobowych zach\u0119camy do kontaktu pod naszym e-mail bardzo@kochamnyse.pl<br \/>\nW przypadku ch\u0119ci aktualizacji lub usuni\u0119cia Twoich danych osobowych, o ile nie mo\u017cesz lub nie chcesz zrobi\u0107 tego samodzielnie, prosimy o kontakt pod naszym e-mail bardzo@kochamnyse.pl<br \/>\nW powy\u017cszych sprawach mo\u017cna r\u00f3wnie\u017c korespondowa\u0107 z nami pod adresem:<br \/>\nIN CORTA Sp. z o. o.<br \/>\nul. Piotrkowska 270\/417<br \/>\n90-361 \u0141\u00f3d\u017a<br \/>\nnip: 527277469[\/vc_column_text][\/vc_column][\/vc_row]<\/p>\n","protected":false},"excerpt":{"rendered":"<p>[vc_row][vc_column][vc_column_text]Polityka Prywatno\u015bci Zapewniamy Ci\u0119, \u017ce nasza firma przestrzega restryktywnej polityki bezpiecze\u0144stwa danych osobowych. Twoje dane osobowe s\u0105 u nas bezpieczne Wierzymy, \u017ce zapoznanie si\u0119 z nasz\u0105 polityk\u0105 prywatno\u015bci pozwoli Ci poczu\u0107 si\u0119 bezpiecznie i cieszy\u0107 zakupami w sklepie internetowym Kocham Nys\u0119. Twoje dane osobowe przetwarzamy zgodnie z rozporz\u0105dzeniem Parlamentu Europejskiego<\/p>\n","protected":false},"author":1,"featured_media":0,"parent":0,"menu_order":0,"comment_status":"closed","ping_status":"open","template":"","meta":{"spay_email":""},"_links":{"self":[{"href":"https:\/\/kochamnyse.pl\/sklep\/index.php\/wp-json\/wp\/v2\/pages\/1160"}],"collection":[{"href":"https:\/\/kochamnyse.pl\/sklep\/index.php\/wp-json\/wp\/v2\/pages"}],"about":[{"href":"https:\/\/kochamnyse.pl\/sklep\/index.php\/wp-json\/wp\/v2\/types\/page"}],"author":[{"embeddable":true,"href":"https:\/\/kochamnyse.pl\/sklep\/index.php\/wp-json\/wp\/v2\/users\/1"}],"replies":[{"embeddable":true,"href":"https:\/\/kochamnyse.pl\/sklep\/index.php\/wp-json\/wp\/v2\/comments?post=1160"}],"version-history":[{"count":4,"href":"https:\/\/kochamnyse.pl\/sklep\/index.php\/wp-json\/wp\/v2\/pages\/1160\/revisions"}],"predecessor-version":[{"id":1273,"href":"https:\/\/kochamnyse.pl\/sklep\/index.php\/wp-json\/wp\/v2\/pages\/1160\/revisions\/1273"}],"wp:attachment":[{"href":"https:\/\/kochamnyse.pl\/sklep\/index.php\/wp-json\/wp\/v2\/media?parent=1160"}],"curies":[{"name":"wp","href":"https:\/\/api.w.org\/{rel}","templated":true}]}}